{"id":47,"date":"2022-04-06T14:38:50","date_gmt":"2022-04-06T12:38:50","guid":{"rendered":"https:\/\/www.la-impressio.com\/?page_id=47"},"modified":"2025-11-26T10:17:45","modified_gmt":"2025-11-26T09:17:45","slug":"impressio","status":"publish","type":"page","link":"https:\/\/www.la-impressio.com\/fr\/impressio\/","title":{"rendered":"Impression artistique"},"content":{"rendered":"<div data-elementor-type=\"wp-page\" data-elementor-id=\"47\" class=\"elementor elementor-47\" data-elementor-post-type=\"page\">\n\t\t\t\t\t\t<section class=\"elementor-section elementor-top-section elementor-element elementor-element-65cdad8 elementor-section-full_width elementor-section-height-default elementor-section-height-default\" data-id=\"65cdad8\" data-element_type=\"section\">\n\t\t\t\t\t\t<div class=\"elementor-container elementor-column-gap-default\">\n\t\t\t\t\t<div class=\"elementor-column elementor-col-33 elementor-top-column elementor-element elementor-element-ffb9e3d\" data-id=\"ffb9e3d\" data-element_type=\"column\">\n\t\t\t<div class=\"elementor-widget-wrap elementor-element-populated\">\n\t\t\t\t\t\t<div class=\"elementor-element elementor-element-89b588b elementor-invisible elementor-widget elementor-widget-heading\" data-id=\"89b588b\" data-element_type=\"widget\" data-settings=\"{&quot;_animation&quot;:&quot;fadeInDown&quot;}\" data-widget_type=\"heading.default\">\n\t\t\t\t\t<h2 class=\"elementor-heading-title elementor-size-default\">IMPRESSION FINE-ART<\/h2>\t\t\t\t<\/div>\n\t\t\t\t\t<\/div>\n\t\t<\/div>\n\t\t\t\t<div class=\"elementor-column elementor-col-33 elementor-top-column elementor-element elementor-element-b3cc311\" data-id=\"b3cc311\" data-element_type=\"column\">\n\t\t\t<div class=\"elementor-widget-wrap\">\n\t\t\t\t\t\t\t<\/div>\n\t\t<\/div>\n\t\t\t\t<div class=\"elementor-column elementor-col-33 elementor-top-column elementor-element elementor-element-cf3af4b\" data-id=\"cf3af4b\" data-element_type=\"column\">\n\t\t\t<div class=\"elementor-widget-wrap elementor-element-populated\">\n\t\t\t\t\t\t<div class=\"elementor-element elementor-element-abc7a18 elementor-view-default elementor-invisible elementor-widget elementor-widget-icon\" data-id=\"abc7a18\" data-element_type=\"widget\" data-settings=\"{&quot;_animation&quot;:&quot;slideInRight&quot;}\" data-widget_type=\"icon.default\">\n\t\t\t\t\t\t\t<div class=\"elementor-icon-wrapper\">\n\t\t\t<div class=\"elementor-icon\">\n\t\t\t<i aria-hidden=\"true\" class=\"fas fa-circle\"><\/i>\t\t\t<\/div>\n\t\t<\/div>\n\t\t\t\t\t\t<\/div>\n\t\t\t\t\t<\/div>\n\t\t<\/div>\n\t\t\t\t\t<\/div>\n\t\t<\/section>\n\t\t\t\t<section class=\"elementor-section elementor-top-section elementor-element elementor-element-7da411f elementor-section-full_width elementor-section-height-default elementor-section-height-default elementor-invisible\" data-id=\"7da411f\" data-element_type=\"section\" data-settings=\"{&quot;animation&quot;:&quot;fadeIn&quot;}\">\n\t\t\t\t\t\t<div class=\"elementor-container elementor-column-gap-default\">\n\t\t\t\t\t<div class=\"elementor-column elementor-col-100 elementor-top-column elementor-element elementor-element-af18a0c\" data-id=\"af18a0c\" data-element_type=\"column\">\n\t\t\t<div class=\"elementor-widget-wrap elementor-element-populated\">\n\t\t\t\t\t\t<div class=\"elementor-element elementor-element-692cb79 elementor--h-position-center elementor--v-position-middle elementor-arrows-position-inside elementor-pagination-position-inside elementor-widget elementor-widget-slides\" data-id=\"692cb79\" data-element_type=\"widget\" data-settings=\"{&quot;navigation&quot;:&quot;both&quot;,&quot;autoplay&quot;:&quot;yes&quot;,&quot;pause_on_hover&quot;:&quot;yes&quot;,&quot;pause_on_interaction&quot;:&quot;yes&quot;,&quot;autoplay_speed&quot;:5000,&quot;infinite&quot;:&quot;yes&quot;,&quot;transition&quot;:&quot;slide&quot;,&quot;transition_speed&quot;:500}\" data-widget_type=\"slides.default\">\n\t\t\t\t\t\t\t\t\t\t<div class=\"elementor-slides-wrapper elementor-main-swiper swiper\" role=\"region\" aria-roledescription=\"carousel\" aria-label=\"Diapositives\" dir=\"ltr\" data-animation=\"fadeInUp\">\n\t\t\t\t<div class=\"swiper-wrapper elementor-slides\">\n\t\t\t\t\t\t\t\t\t\t<div class=\"elementor-repeater-item-85c016a swiper-slide\" role=\"group\" aria-roledescription=\"slide\"><div class=\"swiper-slide-bg\" role=\"img\" aria-label=\"chiffre11\"><\/div><div class=\"swiper-slide-inner\" ><div class=\"swiper-slide-contents\"><\/div><\/div><\/div>\t\t\t\t<\/div>\n\t\t\t\t\t\t\t<\/div>\n\t\t\t\t\t\t\t\t<\/div>\n\t\t\t\t\t<\/div>\n\t\t<\/div>\n\t\t\t\t\t<\/div>\n\t\t<\/section>\n\t\t\t\t<section class=\"elementor-section elementor-top-section elementor-element elementor-element-4f096fb elementor-section-full_width elementor-section-height-default elementor-section-height-default\" data-id=\"4f096fb\" data-element_type=\"section\">\n\t\t\t\t\t\t<div class=\"elementor-container elementor-column-gap-default\">\n\t\t\t\t\t<div class=\"elementor-column elementor-col-50 elementor-top-column elementor-element elementor-element-d3347db\" data-id=\"d3347db\" data-element_type=\"column\">\n\t\t\t<div class=\"elementor-widget-wrap elementor-element-populated\">\n\t\t\t\t\t\t<div class=\"elementor-element elementor-element-a1ee518 elementor-position-left elementor-view-default elementor-mobile-position-top elementor-invisible elementor-widget elementor-widget-icon-box\" data-id=\"a1ee518\" data-element_type=\"widget\" data-settings=\"{&quot;_animation&quot;:&quot;fadeIn&quot;}\" data-widget_type=\"icon-box.default\">\n\t\t\t\t\t\t\t<div class=\"elementor-icon-box-wrapper\">\n\n\t\t\t\t\t\t<div class=\"elementor-icon-box-icon\">\n\t\t\t\t<span  class=\"elementor-icon\">\n\t\t\t\t<i aria-hidden=\"true\" class=\"fas fa-circle\"><\/i>\t\t\t\t<\/span>\n\t\t\t<\/div>\n\t\t\t\n\t\t\t\t\t\t<div class=\"elementor-icon-box-content\">\n\n\t\t\t\t\t\t\t\t\t<h3 class=\"elementor-icon-box-title\">\n\t\t\t\t\t\t<span  >\n\t\t\t\t\t\t\tQU'EST-CE QUE L'IMPRESSION FINE-ART ?\t\t\t\t\t\t<\/span>\n\t\t\t\t\t<\/h3>\n\t\t\t\t\n\t\t\t\t\n\t\t\t<\/div>\n\t\t\t\n\t\t<\/div>\n\t\t\t\t\t\t<\/div>\n\t\t\t\t<div class=\"elementor-element elementor-element-b0d9f26 elementor-widget elementor-widget-text-editor\" data-id=\"b0d9f26\" data-element_type=\"widget\" data-widget_type=\"text-editor.default\">\n\t\t\t\t\t\t\t\t\t<p>Plus qu'une simple impression photographique, les impressions Fine Art ou les impressions beaux arts sont bas\u00e9es sur des syst\u00e8mes d'impression haut de gamme. \u00c0 l'origine con\u00e7ue pour le march\u00e9 de l'art et les collectionneurs, une impression d'art ou de beaux-arts est une association subtile entre :<br \/>\u2022 Un papier pH neutre fabriqu\u00e9 avec des fibres naturelles, r\u00e9sistant au temps, fabriqu\u00e9 par les meilleurs artisans papetier de derni\u00e8re g\u00e9n\u00e9ration<br \/>\u2022 Teintes pigment\u00e9es<br \/>\u2022 Et surtout le savoir faire du tireur. Ce dernier doit assurer le bon choix des papiers, en contr\u00f4ler la colorim\u00e9trie et la d\u00e9rive dans le temps, en respectant scrupuleusement la cha\u00eene graphique entre l'espace du photographe et l'impression de ses images.<\/p><p>Notre processus d'impression se d\u00e9roule selon les normes du syst\u00e8me de gestion des couleurs, o\u00f9 les \u00e9crans et les imprimantes sont r\u00e9guli\u00e8rement calibr\u00e9s. Chaque m\u00e9dia d'impression poss\u00e8de un profil d'impression sp\u00e9cifique. L'objectif de ce procesus est d'obtenir des <strong>impressions o\u00f9 la reproduction de couleur est respect\u00e9e ainsi que la nettet\u00e9 visuelle, et d'assurer la long\u00e9vit\u00e9 des oeuvres<\/strong>. Nous disposons d'une gamme de papiers<br \/>fabriqu\u00e9s artisanalement par des fabricants comme Hahnem\u00fchle ou Agawami et notre propre gamme de papiers Fine Art.<\/p>\t\t\t\t\t\t\t\t<\/div>\n\t\t\t\t<div class=\"elementor-element elementor-element-c282f94 elementor-widget elementor-widget-spacer\" data-id=\"c282f94\" data-element_type=\"widget\" data-widget_type=\"spacer.default\">\n\t\t\t\t\t\t\t<div class=\"elementor-spacer\">\n\t\t\t<div class=\"elementor-spacer-inner\"><\/div>\n\t\t<\/div>\n\t\t\t\t\t\t<\/div>\n\t\t\t\t<div class=\"elementor-element elementor-element-c1ad711 elementor-button-info elementor-align-left elementor-invisible elementor-widget elementor-widget-button\" data-id=\"c1ad711\" data-element_type=\"widget\" data-settings=\"{&quot;_animation&quot;:&quot;fadeInUp&quot;,&quot;_animation_delay&quot;:500}\" data-widget_type=\"button.default\">\n\t\t\t\t\t\t\t\t\t\t<a class=\"elementor-button elementor-button-link elementor-size-sm elementor-animation-float\" href=\"mailto:info@la-impressio.com\">\n\t\t\t\t\t\t<span class=\"elementor-button-content-wrapper\">\n\t\t\t\t\t\t\t\t\t<span class=\"elementor-button-text\">PLUS D'INFORMATIONS<\/span>\n\t\t\t\t\t<\/span>\n\t\t\t\t\t<\/a>\n\t\t\t\t\t\t\t\t<\/div>\n\t\t\t\t\t<\/div>\n\t\t<\/div>\n\t\t\t\t<div class=\"elementor-column elementor-col-50 elementor-top-column elementor-element elementor-element-5e31ba8\" data-id=\"5e31ba8\" data-element_type=\"column\">\n\t\t\t<div class=\"elementor-widget-wrap elementor-element-populated\">\n\t\t\t\t\t\t<div class=\"elementor-element elementor-element-4bda3e2 elementor-widget elementor-widget-gallery\" data-id=\"4bda3e2\" data-element_type=\"widget\" data-settings=\"{&quot;gallery_layout&quot;:&quot;masonry&quot;,&quot;columns&quot;:3,&quot;columns_mobile&quot;:2,&quot;lazyload&quot;:&quot;yes&quot;,&quot;columns_tablet&quot;:2,&quot;gap&quot;:{&quot;unit&quot;:&quot;px&quot;,&quot;size&quot;:10,&quot;sizes&quot;:[]},&quot;gap_tablet&quot;:{&quot;unit&quot;:&quot;px&quot;,&quot;size&quot;:10,&quot;sizes&quot;:[]},&quot;gap_mobile&quot;:{&quot;unit&quot;:&quot;px&quot;,&quot;size&quot;:10,&quot;sizes&quot;:[]},&quot;link_to&quot;:&quot;file&quot;,&quot;overlay_background&quot;:&quot;yes&quot;,&quot;content_hover_animation&quot;:&quot;fade-in&quot;}\" data-widget_type=\"gallery.default\">\n\t\t\t\t\t\t\t<div class=\"elementor-gallery__container\">\n\t\t\t\t\t\t\t<a class=\"e-gallery-item elementor-gallery-item elementor-animated-content\" href=\"https:\/\/www.la-impressio.com\/wp-content\/uploads\/2022\/06\/Kozo-Grueso-110gsm-Natural3.png\" data-elementor-open-lightbox=\"yes\" data-elementor-lightbox-slideshow=\"4bda3e2\" data-elementor-lightbox-title=\"Kozo Grueso 110gsm Natural3\" data-e-action-hash=\"#elementor-action%3Aaction%3Dlightbox%26settings%3DeyJpZCI6ODYwLCJ1cmwiOiJodHRwczpcL1wvd3d3LmxhLWltcHJlc3Npby5jb21cL3dwLWNvbnRlbnRcL3VwbG9hZHNcLzIwMjJcLzA2XC9Lb3pvLUdydWVzby0xMTBnc20tTmF0dXJhbDMucG5nIiwic2xpZGVzaG93IjoiNGJkYTNlMiJ9\">\n\t\t\t\t\t<div class=\"e-gallery-image elementor-gallery-item__image\" data-thumbnail=\"https:\/\/www.la-impressio.com\/wp-content\/uploads\/2022\/06\/Kozo-Grueso-110gsm-Natural3-700x700.png\" data-width=\"700\" data-height=\"700\" aria-label=\"\" role=\"img\" ><\/div>\n\t\t\t\t\t\t\t\t\t\t\t<div class=\"elementor-gallery-item__overlay\"><\/div>\n\t\t\t\t\t\t\t\t\t\t\t\t\t\t<\/a>\n\t\t\t\t\t\t\t<a class=\"e-gallery-item elementor-gallery-item elementor-animated-content\" href=\"https:\/\/www.la-impressio.com\/wp-content\/uploads\/2022\/04\/sb02.jpg\" data-elementor-open-lightbox=\"yes\" data-elementor-lightbox-slideshow=\"4bda3e2\" data-elementor-lightbox-title=\"sb02\" data-e-action-hash=\"#elementor-action%3Aaction%3Dlightbox%26settings%3DeyJpZCI6OTIwLCJ1cmwiOiJodHRwczpcL1wvd3d3LmxhLWltcHJlc3Npby5jb21cL3dwLWNvbnRlbnRcL3VwbG9hZHNcLzIwMjJcLzA0XC9zYjAyLmpwZyIsInNsaWRlc2hvdyI6IjRiZGEzZTIifQ%3D%3D\">\n\t\t\t\t\t<div class=\"e-gallery-image elementor-gallery-item__image\" data-thumbnail=\"https:\/\/www.la-impressio.com\/wp-content\/uploads\/2022\/04\/sb02-700x700.jpg\" data-width=\"700\" data-height=\"700\" aria-label=\"impression fine art\" role=\"img\" ><\/div>\n\t\t\t\t\t\t\t\t\t\t\t<div class=\"elementor-gallery-item__overlay\"><\/div>\n\t\t\t\t\t\t\t\t\t\t\t\t\t\t<\/a>\n\t\t\t\t\t\t\t<a class=\"e-gallery-item elementor-gallery-item elementor-animated-content\" href=\"https:\/\/www.la-impressio.com\/wp-content\/uploads\/2022\/07\/sb05.jpg\" data-elementor-open-lightbox=\"yes\" data-elementor-lightbox-slideshow=\"4bda3e2\" data-elementor-lightbox-title=\"sb05\" data-e-action-hash=\"#elementor-action%3Aaction%3Dlightbox%26settings%3DeyJpZCI6OTMwLCJ1cmwiOiJodHRwczpcL1wvd3d3LmxhLWltcHJlc3Npby5jb21cL3dwLWNvbnRlbnRcL3VwbG9hZHNcLzIwMjJcLzA3XC9zYjA1LmpwZyIsInNsaWRlc2hvdyI6IjRiZGEzZTIifQ%3D%3D\">\n\t\t\t\t\t<div class=\"e-gallery-image elementor-gallery-item__image\" data-thumbnail=\"https:\/\/www.la-impressio.com\/wp-content\/uploads\/2022\/07\/sb05-700x700.jpg\" data-width=\"700\" data-height=\"700\" aria-label=\"\" role=\"img\" ><\/div>\n\t\t\t\t\t\t\t\t\t\t\t<div class=\"elementor-gallery-item__overlay\"><\/div>\n\t\t\t\t\t\t\t\t\t\t\t\t\t\t<\/a>\n\t\t\t\t\t\t\t<a class=\"e-gallery-item elementor-gallery-item elementor-animated-content\" href=\"https:\/\/www.la-impressio.com\/wp-content\/uploads\/2022\/04\/sb01.jpg\" data-elementor-open-lightbox=\"yes\" data-elementor-lightbox-slideshow=\"4bda3e2\" data-elementor-lightbox-title=\"sb01\" data-e-action-hash=\"#elementor-action%3Aaction%3Dlightbox%26settings%3DeyJpZCI6OTIyLCJ1cmwiOiJodHRwczpcL1wvd3d3LmxhLWltcHJlc3Npby5jb21cL3dwLWNvbnRlbnRcL3VwbG9hZHNcLzIwMjJcLzA0XC9zYjAxLmpwZyIsInNsaWRlc2hvdyI6IjRiZGEzZTIifQ%3D%3D\">\n\t\t\t\t\t<div class=\"e-gallery-image elementor-gallery-item__image\" data-thumbnail=\"https:\/\/www.la-impressio.com\/wp-content\/uploads\/2022\/04\/sb01-700x700.jpg\" data-width=\"700\" data-height=\"700\" aria-label=\"impression fine art\" role=\"img\" ><\/div>\n\t\t\t\t\t\t\t\t\t\t\t<div class=\"elementor-gallery-item__overlay\"><\/div>\n\t\t\t\t\t\t\t\t\t\t\t\t\t\t<\/a>\n\t\t\t\t\t\t\t<a class=\"e-gallery-item elementor-gallery-item elementor-animated-content\" href=\"https:\/\/www.la-impressio.com\/wp-content\/uploads\/2022\/06\/Captura-de-pantalla-2022-02-08-a-las-13.42.12.png\" data-elementor-open-lightbox=\"yes\" data-elementor-lightbox-slideshow=\"4bda3e2\" data-elementor-lightbox-title=\"Captura de pantalla 2022-02-08 a las 13.42.12\" data-e-action-hash=\"#elementor-action%3Aaction%3Dlightbox%26settings%3DeyJpZCI6ODU5LCJ1cmwiOiJodHRwczpcL1wvd3d3LmxhLWltcHJlc3Npby5jb21cL3dwLWNvbnRlbnRcL3VwbG9hZHNcLzIwMjJcLzA2XC9DYXB0dXJhLWRlLXBhbnRhbGxhLTIwMjItMDItMDgtYS1sYXMtMTMuNDIuMTIucG5nIiwic2xpZGVzaG93IjoiNGJkYTNlMiJ9\">\n\t\t\t\t\t<div class=\"e-gallery-image elementor-gallery-item__image\" data-thumbnail=\"https:\/\/www.la-impressio.com\/wp-content\/uploads\/2022\/06\/Captura-de-pantalla-2022-02-08-a-las-13.42.12-700x700.png\" data-width=\"700\" data-height=\"700\" aria-label=\"\" role=\"img\" ><\/div>\n\t\t\t\t\t\t\t\t\t\t\t<div class=\"elementor-gallery-item__overlay\"><\/div>\n\t\t\t\t\t\t\t\t\t\t\t\t\t\t<\/a>\n\t\t\t\t\t\t\t<a class=\"e-gallery-item elementor-gallery-item elementor-animated-content\" href=\"https:\/\/www.la-impressio.com\/wp-content\/uploads\/2022\/07\/exposicioI\u0081-Frederic-Lebail.jpg\" data-elementor-open-lightbox=\"yes\" data-elementor-lightbox-slideshow=\"4bda3e2\" data-elementor-lightbox-title=\"exposicio\u00cc\u0081-Frederic-Lebail\" data-e-action-hash=\"#elementor-action%3Aaction%3Dlightbox%26settings%3DeyJpZCI6MTA1OSwidXJsIjoiaHR0cHM6XC9cL3d3dy5sYS1pbXByZXNzaW8uY29tXC93cC1jb250ZW50XC91cGxvYWRzXC8yMDIyXC8wN1wvZXhwb3NpY2lvSVx1MDA4MS1GcmVkZXJpYy1MZWJhaWwuanBnIiwic2xpZGVzaG93IjoiNGJkYTNlMiJ9\">\n\t\t\t\t\t<div class=\"e-gallery-image elementor-gallery-item__image\" data-thumbnail=\"https:\/\/www.la-impressio.com\/wp-content\/uploads\/2022\/07\/exposicioI\u0081-Frederic-Lebail-700x700.jpg\" data-width=\"700\" data-height=\"700\" aria-label=\"\" role=\"img\" ><\/div>\n\t\t\t\t\t\t\t\t\t\t\t<div class=\"elementor-gallery-item__overlay\"><\/div>\n\t\t\t\t\t\t\t\t\t\t\t\t\t\t<\/a>\n\t\t\t\t\t<\/div>\n\t\t\t\t\t<\/div>\n\t\t\t\t\t<\/div>\n\t\t<\/div>\n\t\t\t\t\t<\/div>\n\t\t<\/section>\n\t\t\t\t<\/div>","protected":false},"excerpt":{"rendered":"<p>IMPRESSI\u00d3 FINE-ART QU\u00c8 \u00c9S LA IMPRESSI\u00d3 FINE-ART? M\u00e9s que una simple impressi\u00f3 fotogr\u00e0fica, les impressions Fine Art o les impressions de belles arts es basen en sistemes d&#8217;impressi\u00f3 d&#8217;alta gamma. Originalment pensada per al mercat de l&#8217;art i els col\u00b7leccionistes, una impressi\u00f3 d&#8217;art o Belles Arts \u00e9s una associaci\u00f3 subtil entre:\u2022 Un paper de pH [&hellip;]<\/p>","protected":false},"author":1,"featured_media":0,"parent":0,"menu_order":0,"comment_status":"closed","ping_status":"closed","template":"","meta":{"footnotes":""},"class_list":["post-47","page","type-page","status-publish","hentry"],"_links":{"self":[{"href":"https:\/\/www.la-impressio.com\/fr\/wp-json\/wp\/v2\/pages\/47","targetHints":{"allow":["GET"]}}],"collection":[{"href":"https:\/\/www.la-impressio.com\/fr\/wp-json\/wp\/v2\/pages"}],"about":[{"href":"https:\/\/www.la-impressio.com\/fr\/wp-json\/wp\/v2\/types\/page"}],"author":[{"embeddable":true,"href":"https:\/\/www.la-impressio.com\/fr\/wp-json\/wp\/v2\/users\/1"}],"replies":[{"embeddable":true,"href":"https:\/\/www.la-impressio.com\/fr\/wp-json\/wp\/v2\/comments?post=47"}],"version-history":[{"count":0,"href":"https:\/\/www.la-impressio.com\/fr\/wp-json\/wp\/v2\/pages\/47\/revisions"}],"wp:attachment":[{"href":"https:\/\/www.la-impressio.com\/fr\/wp-json\/wp\/v2\/media?parent=47"}],"curies":[{"name":"wp","href":"https:\/\/api.w.org\/{rel}","templated":true}]}}