{"id":261,"date":"2022-04-08T12:59:19","date_gmt":"2022-04-08T10:59:19","guid":{"rendered":"https:\/\/www.la-impressio.com\/?page_id=261"},"modified":"2025-11-25T14:09:21","modified_gmt":"2025-11-25T13:09:21","slug":"restauracio-de-fotos-antigues","status":"publish","type":"page","link":"https:\/\/www.la-impressio.com\/fr\/restauracio-de-fotos-antigues\/","title":{"rendered":"Restauration de photos anciennes"},"content":{"rendered":"<div data-elementor-type=\"wp-page\" data-elementor-id=\"261\" class=\"elementor elementor-261\" data-elementor-post-type=\"page\">\n\t\t\t\t\t\t<section class=\"elementor-section elementor-top-section elementor-element elementor-element-610462f elementor-section-full_width elementor-reverse-tablet elementor-reverse-mobile elementor-section-height-default elementor-section-height-default\" data-id=\"610462f\" data-element_type=\"section\">\n\t\t\t\t\t\t<div class=\"elementor-container elementor-column-gap-default\">\n\t\t\t\t\t<div class=\"elementor-column elementor-col-50 elementor-top-column elementor-element elementor-element-64a509d\" data-id=\"64a509d\" data-element_type=\"column\">\n\t\t\t<div class=\"elementor-widget-wrap elementor-element-populated\">\n\t\t\t\t\t\t<div class=\"elementor-element elementor-element-a850155 elementor-position-left elementor-view-default elementor-mobile-position-top elementor-invisible elementor-widget elementor-widget-icon-box\" data-id=\"a850155\" data-element_type=\"widget\" data-settings=\"{&quot;_animation&quot;:&quot;fadeIn&quot;}\" data-widget_type=\"icon-box.default\">\n\t\t\t\t\t\t\t<div class=\"elementor-icon-box-wrapper\">\n\n\t\t\t\t\t\t<div class=\"elementor-icon-box-icon\">\n\t\t\t\t<span  class=\"elementor-icon\">\n\t\t\t\t<i aria-hidden=\"true\" class=\"fas fa-circle\"><\/i>\t\t\t\t<\/span>\n\t\t\t<\/div>\n\t\t\t\n\t\t\t\t\t\t<div class=\"elementor-icon-box-content\">\n\n\t\t\t\t\t\t\t\t\t<h3 class=\"elementor-icon-box-title\">\n\t\t\t\t\t\t<span  >\n\t\t\t\t\t\t\tRESTAURATION DE PHOTOS ANCIENNES\t\t\t\t\t\t<\/span>\n\t\t\t\t\t<\/h3>\n\t\t\t\t\n\t\t\t\t\n\t\t\t<\/div>\n\t\t\t\n\t\t<\/div>\n\t\t\t\t\t\t<\/div>\n\t\t\t\t<div class=\"elementor-element elementor-element-c95bb83 elementor-widget elementor-widget-text-editor\" data-id=\"c95bb83\" data-element_type=\"widget\" data-widget_type=\"text-editor.default\">\n\t\t\t\t\t\t\t\t\t<p>Restauration de photos anciennes pour leurs redonner une nouvelle vie. En fonction de l'\u00e9tat de votre photographie et du degr\u00e9 de d\u00e9gradation, nous vous offrons un service de restauration ad\u00e9quat, tout en soignant vos photos. Comme pour les dessins et les gravures, que ce soit pour une restauration simple ou pour une restauration complexe, nous saurons utiliser les m\u00e9thodes les plus appropri\u00e9es.<\/p><p>Nous offrons diverses possibilit\u00e9s de retouches, d'\u00e9limination des poussi\u00e8res et des rayures, de reconstruction et d'options de finitions.<\/p><p>\u2022 <strong>Restauration de niveau 1 :<\/strong> <br \/>\u00a0 \u00a0Scanner  haute d\u00e9finition + am\u00e9lioration de couleur + correction de salissures en petites quantit\u00e9.<br \/>\u2022 <strong>Restauration de niveau 2 :<\/strong> <br \/>\u00a0 \u00a0Scanner de la haute d\u00e9finition de couleur r\u00e9elle + correction de salissures, plis et d\u00e9chiffrements<br \/>\u2022 <strong>Restauration de niveau 3 :<\/strong> <br \/>\u00a0 \u00a0Scanner de haute qualit\u00e9 + correction de pliures et d\u00e9chirures  en grandes quantit\u00e9s.\nColoration et retouche sp\u00e9cifique : sur devis<\/p>\t\t\t\t\t\t\t\t<\/div>\n\t\t\t\t<div class=\"elementor-element elementor-element-a96278b elementor-widget elementor-widget-spacer\" data-id=\"a96278b\" data-element_type=\"widget\" data-widget_type=\"spacer.default\">\n\t\t\t\t\t\t\t<div class=\"elementor-spacer\">\n\t\t\t<div class=\"elementor-spacer-inner\"><\/div>\n\t\t<\/div>\n\t\t\t\t\t\t<\/div>\n\t\t\t\t<div class=\"elementor-element elementor-element-72d81d5 elementor-button-info elementor-align-left elementor-invisible elementor-widget elementor-widget-button\" data-id=\"72d81d5\" data-element_type=\"widget\" data-settings=\"{&quot;_animation&quot;:&quot;fadeInUp&quot;,&quot;_animation_delay&quot;:500}\" data-widget_type=\"button.default\">\n\t\t\t\t\t\t\t\t\t\t<a class=\"elementor-button elementor-button-link elementor-size-sm elementor-animation-float\" href=\"mailto:info@la-impressio.com\">\n\t\t\t\t\t\t<span class=\"elementor-button-content-wrapper\">\n\t\t\t\t\t\t\t\t\t<span class=\"elementor-button-text\">PLUS D'INFORMATIONS<\/span>\n\t\t\t\t\t<\/span>\n\t\t\t\t\t<\/a>\n\t\t\t\t\t\t\t\t<\/div>\n\t\t\t\t\t<\/div>\n\t\t<\/div>\n\t\t\t\t<div class=\"elementor-column elementor-col-50 elementor-top-column elementor-element elementor-element-d9ac6e5\" data-id=\"d9ac6e5\" data-element_type=\"column\">\n\t\t\t<div class=\"elementor-widget-wrap elementor-element-populated\">\n\t\t\t\t\t\t<div class=\"elementor-element elementor-element-6989da7 elementor-invisible elementor-widget elementor-widget-heading\" data-id=\"6989da7\" data-element_type=\"widget\" data-settings=\"{&quot;_animation&quot;:&quot;fadeInDown&quot;}\" data-widget_type=\"heading.default\">\n\t\t\t\t\t<h2 class=\"elementor-heading-title elementor-size-default\">RESTAURATION<\/h2>\t\t\t\t<\/div>\n\t\t\t\t<section class=\"elementor-section elementor-inner-section elementor-element elementor-element-87341e7 elementor-section-boxed elementor-section-height-default elementor-section-height-default\" data-id=\"87341e7\" data-element_type=\"section\">\n\t\t\t\t\t\t<div class=\"elementor-container elementor-column-gap-default\">\n\t\t\t\t\t<div class=\"elementor-column elementor-col-50 elementor-inner-column elementor-element elementor-element-22dd173\" data-id=\"22dd173\" data-element_type=\"column\">\n\t\t\t<div class=\"elementor-widget-wrap elementor-element-populated\">\n\t\t\t\t\t\t<div class=\"elementor-element elementor-element-20d6bb0 elementor-widget elementor-widget-image\" data-id=\"20d6bb0\" data-element_type=\"widget\" data-widget_type=\"image.default\">\n\t\t\t\t\t\t\t\t\t\t\t\t\t\t\t\t<a href=\"https:\/\/www.la-impressio.com\/wp-content\/uploads\/2022\/06\/rest1.jpg\" data-elementor-open-lightbox=\"yes\" data-elementor-lightbox-title=\"rest1\" data-e-action-hash=\"#elementor-action%3Aaction%3Dlightbox%26settings%3DeyJpZCI6NjEwLCJ1cmwiOiJodHRwczpcL1wvd3d3LmxhLWltcHJlc3Npby5jb21cL3dwLWNvbnRlbnRcL3VwbG9hZHNcLzIwMjJcLzA2XC9yZXN0MS5qcGcifQ%3D%3D\">\n\t\t\t\t\t\t\t<img fetchpriority=\"high\" decoding=\"async\" width=\"800\" height=\"842\" src=\"https:\/\/www.la-impressio.com\/wp-content\/uploads\/2022\/06\/rest1.jpg\" class=\"attachment-large size-large wp-image-610\" alt=\"restauraci\u00f3 fotos antigues\" srcset=\"https:\/\/www.la-impressio.com\/wp-content\/uploads\/2022\/06\/rest1.jpg 850w, https:\/\/www.la-impressio.com\/wp-content\/uploads\/2022\/06\/rest1-600x632.jpg 600w, https:\/\/www.la-impressio.com\/wp-content\/uploads\/2022\/06\/rest1-285x300.jpg 285w, https:\/\/www.la-impressio.com\/wp-content\/uploads\/2022\/06\/rest1-768x809.jpg 768w\" sizes=\"(max-width: 800px) 100vw, 800px\" \/>\t\t\t\t\t\t\t\t<\/a>\n\t\t\t\t\t\t\t\t\t\t\t\t\t\t\t<\/div>\n\t\t\t\t\t<\/div>\n\t\t<\/div>\n\t\t\t\t<div class=\"elementor-column elementor-col-50 elementor-inner-column elementor-element elementor-element-add3895\" data-id=\"add3895\" data-element_type=\"column\">\n\t\t\t<div class=\"elementor-widget-wrap elementor-element-populated\">\n\t\t\t\t\t\t<div class=\"elementor-element elementor-element-8c557e0 elementor-widget elementor-widget-image\" data-id=\"8c557e0\" data-element_type=\"widget\" data-widget_type=\"image.default\">\n\t\t\t\t\t\t\t\t\t\t\t\t\t\t\t\t<a href=\"https:\/\/www.la-impressio.com\/wp-content\/uploads\/2022\/06\/rest2.jpg\" data-elementor-open-lightbox=\"yes\" data-elementor-lightbox-title=\"rest2\" data-e-action-hash=\"#elementor-action%3Aaction%3Dlightbox%26settings%3DeyJpZCI6NjExLCJ1cmwiOiJodHRwczpcL1wvd3d3LmxhLWltcHJlc3Npby5jb21cL3dwLWNvbnRlbnRcL3VwbG9hZHNcLzIwMjJcLzA2XC9yZXN0Mi5qcGcifQ%3D%3D\">\n\t\t\t\t\t\t\t<img decoding=\"async\" width=\"800\" height=\"842\" src=\"https:\/\/www.la-impressio.com\/wp-content\/uploads\/2022\/06\/rest2.jpg\" class=\"attachment-large size-large wp-image-611\" alt=\"restauraci\u00f3 fotos antigues\" srcset=\"https:\/\/www.la-impressio.com\/wp-content\/uploads\/2022\/06\/rest2.jpg 850w, https:\/\/www.la-impressio.com\/wp-content\/uploads\/2022\/06\/rest2-600x632.jpg 600w, https:\/\/www.la-impressio.com\/wp-content\/uploads\/2022\/06\/rest2-285x300.jpg 285w, https:\/\/www.la-impressio.com\/wp-content\/uploads\/2022\/06\/rest2-768x809.jpg 768w\" sizes=\"(max-width: 800px) 100vw, 800px\" \/>\t\t\t\t\t\t\t\t<\/a>\n\t\t\t\t\t\t\t\t\t\t\t\t\t\t\t<\/div>\n\t\t\t\t\t<\/div>\n\t\t<\/div>\n\t\t\t\t\t<\/div>\n\t\t<\/section>\n\t\t\t\t\t<\/div>\n\t\t<\/div>\n\t\t\t\t\t<\/div>\n\t\t<\/section>\n\t\t\t\t<\/div>","protected":false},"excerpt":{"rendered":"<p>RESTAURATION DE PHOTOS ANCIENNES. Redonnez vie \u00e0 vos photos anciennes\u00a0! Selon leur \u00e9tat et leur degr\u00e9 de d\u00e9gradation, nous vous proposons un service de restauration adapt\u00e9, tout en prenant soin de vos clich\u00e9s. Comme pour les dessins et gravures, qu\u2019il s\u2019agisse d\u2019une simple restauration ou d\u2019une restauration plus pouss\u00e9e, nous vous offrons un service personnalis\u00e9.<\/p>","protected":false},"author":1,"featured_media":0,"parent":0,"menu_order":0,"comment_status":"closed","ping_status":"closed","template":"","meta":{"footnotes":""},"class_list":["post-261","page","type-page","status-publish","hentry"],"_links":{"self":[{"href":"https:\/\/www.la-impressio.com\/fr\/wp-json\/wp\/v2\/pages\/261","targetHints":{"allow":["GET"]}}],"collection":[{"href":"https:\/\/www.la-impressio.com\/fr\/wp-json\/wp\/v2\/pages"}],"about":[{"href":"https:\/\/www.la-impressio.com\/fr\/wp-json\/wp\/v2\/types\/page"}],"author":[{"embeddable":true,"href":"https:\/\/www.la-impressio.com\/fr\/wp-json\/wp\/v2\/users\/1"}],"replies":[{"embeddable":true,"href":"https:\/\/www.la-impressio.com\/fr\/wp-json\/wp\/v2\/comments?post=261"}],"version-history":[{"count":0,"href":"https:\/\/www.la-impressio.com\/fr\/wp-json\/wp\/v2\/pages\/261\/revisions"}],"wp:attachment":[{"href":"https:\/\/www.la-impressio.com\/fr\/wp-json\/wp\/v2\/media?parent=261"}],"curies":[{"name":"wp","href":"https:\/\/api.w.org\/{rel}","templated":true}]}}