{"id":2591,"date":"2025-11-26T10:23:11","date_gmt":"2025-11-26T09:23:11","guid":{"rendered":"https:\/\/www.la-impressio.com\/?page_id=2591"},"modified":"2025-11-26T13:45:15","modified_gmt":"2025-11-26T12:45:15","slug":"certificats-dautenticitat","status":"publish","type":"page","link":"https:\/\/www.la-impressio.com\/fr\/certificats-dautenticitat\/","title":{"rendered":"Certificats d&#039;authenticit\u00e9"},"content":{"rendered":"<div data-elementor-type=\"wp-page\" data-elementor-id=\"2591\" class=\"elementor elementor-2591\" data-elementor-post-type=\"page\">\n\t\t\t\t<div class=\"elementor-element elementor-element-fce0562 e-con-full e-flex e-con e-parent\" data-id=\"fce0562\" data-element_type=\"container\">\n\t\t<div class=\"elementor-element elementor-element-bf1634e e-con-full e-flex e-con e-child\" data-id=\"bf1634e\" data-element_type=\"container\">\n\t\t\t\t<div class=\"elementor-element elementor-element-5becf83 elementor-invisible elementor-widget elementor-widget-heading\" data-id=\"5becf83\" data-element_type=\"widget\" data-settings=\"{&quot;_animation&quot;:&quot;fadeInDown&quot;}\" data-widget_type=\"heading.default\">\n\t\t\t\t\t<h2 class=\"elementor-heading-title elementor-size-default\">CERTIFICATS D&#039;AUTHENTICIT\u00c9<\/h2>\t\t\t\t<\/div>\n\t\t\t\t<\/div>\n\t\t<div class=\"elementor-element elementor-element-08dddaf e-con-full elementor-hidden-mobile e-flex e-con e-child\" data-id=\"08dddaf\" data-element_type=\"container\">\n\t\t\t\t<div class=\"elementor-element elementor-element-c9c6a1d elementor-view-default elementor-invisible elementor-widget elementor-widget-icon\" data-id=\"c9c6a1d\" data-element_type=\"widget\" data-settings=\"{&quot;_animation&quot;:&quot;slideInRight&quot;}\" data-widget_type=\"icon.default\">\n\t\t\t\t\t\t\t<div class=\"elementor-icon-wrapper\">\n\t\t\t<div class=\"elementor-icon\">\n\t\t\t<i aria-hidden=\"true\" class=\"fas fa-circle\"><\/i>\t\t\t<\/div>\n\t\t<\/div>\n\t\t\t\t\t\t<\/div>\n\t\t\t\t<\/div>\n\t\t\t\t<\/div>\n\t\t<div class=\"elementor-element elementor-element-a3a4ec3 e-con-full e-flex e-con e-parent\" data-id=\"a3a4ec3\" data-element_type=\"container\" data-settings=\"{&quot;background_background&quot;:&quot;classic&quot;}\">\n\t\t\t\t<\/div>\n\t\t<div class=\"elementor-element elementor-element-f6c2124 e-con-full e-flex e-con e-parent\" data-id=\"f6c2124\" data-element_type=\"container\">\n\t\t<div class=\"elementor-element elementor-element-63f588b e-con-full e-flex e-con e-child\" data-id=\"63f588b\" data-element_type=\"container\">\n\t\t\t\t<div class=\"elementor-element elementor-element-7ad277d elementor-position-left elementor-tablet-position-top elementor-view-default elementor-mobile-position-top elementor-invisible elementor-widget elementor-widget-icon-box\" data-id=\"7ad277d\" data-element_type=\"widget\" data-settings=\"{&quot;_animation&quot;:&quot;fadeIn&quot;}\" data-widget_type=\"icon-box.default\">\n\t\t\t\t\t\t\t<div class=\"elementor-icon-box-wrapper\">\n\n\t\t\t\t\t\t<div class=\"elementor-icon-box-icon\">\n\t\t\t\t<span  class=\"elementor-icon\">\n\t\t\t\t<i aria-hidden=\"true\" class=\"fas fa-circle\"><\/i>\t\t\t\t<\/span>\n\t\t\t<\/div>\n\t\t\t\n\t\t\t\t\t\t<div class=\"elementor-icon-box-content\">\n\n\t\t\t\t\t\t\t\t\t<h3 class=\"elementor-icon-box-title\">\n\t\t\t\t\t\t<span  >\n\t\t\t\t\t\t\tCERTIFICATS D&#039;AUTHENTICIT\u00c9 HAHNEM\u00dcHLE\t\t\t\t\t\t<\/span>\n\t\t\t\t\t<\/h3>\n\t\t\t\t\n\t\t\t\t\n\t\t\t<\/div>\n\t\t\t\n\t\t<\/div>\n\t\t\t\t\t\t<\/div>\n\t\t\t\t<div class=\"elementor-element elementor-element-cc4a225 elementor-widget elementor-widget-text-editor\" data-id=\"cc4a225\" data-element_type=\"widget\" data-widget_type=\"text-editor.default\">\n\t\t\t\t\t\t\t\t\t<p><strong>Certificat d&#039;authenticit\u00e9 Hahnem\u00fchle\u00a0: Garantie d&#039;originalit\u00e9 et protection contre la contrefa\u00e7on<br \/><\/strong><\/p><p>Le certificat d&#039;authenticit\u00e9 Hahnem\u00fchle est con\u00e7u pour les artistes et les photographes qui souhaitent garantir l&#039;unicit\u00e9 de leurs \u0153uvres et des reproductions gicl\u00e9es en \u00e9dition limit\u00e9e r\u00e9alis\u00e9es sur papier Hahnem\u00fchle.<\/p><p>En impression d&#039;art, nous accordons une importance primordiale \u00e0 l&#039;authenticit\u00e9 gr\u00e2ce \u00e0 la certification holographique num\u00e9rot\u00e9e Hahnem\u00fchle. Celle-ci conf\u00e8re confiance, valeur et reconnaissance \u00e0 chaque \u0153uvre, garantissant son originalit\u00e9 et sa qualit\u00e9.<\/p><p><strong>Authenticit\u00e9 garantie<\/strong>La certification comprend un certificat d&#039;authenticit\u00e9 Hahnem\u00fchle avec un num\u00e9ro de s\u00e9rie unique et deux hologrammes identiques\u00a0: l&#039;un est appos\u00e9 sur le certificat et l&#039;autre au dos de l&#039;\u0153uvre, cr\u00e9ant ainsi un lien indissoluble entre les deux.<br \/>Chaque certificat est un document rond en papier, fabriqu\u00e9 \u00e0 la machine, prot\u00e9g\u00e9 contre la contrefa\u00e7on gr\u00e2ce au filigrane Hahnem\u00fchle et aux fibres de s\u00e9curit\u00e9 fluorescentes.<\/p>\t\t\t\t\t\t\t\t<\/div>\n\t\t\t\t<\/div>\n\t\t<div class=\"elementor-element elementor-element-5dbef5f e-con-full e-flex e-con e-child\" data-id=\"5dbef5f\" data-element_type=\"container\">\n\t\t\t\t<div class=\"elementor-element elementor-element-b472a50 elementor-widget elementor-widget-gallery\" data-id=\"b472a50\" data-element_type=\"widget\" data-settings=\"{&quot;columns&quot;:1,&quot;columns_mobile&quot;:2,&quot;aspect_ratio&quot;:&quot;1:1&quot;,&quot;lazyload&quot;:&quot;yes&quot;,&quot;gallery_layout&quot;:&quot;grid&quot;,&quot;columns_tablet&quot;:2,&quot;gap&quot;:{&quot;unit&quot;:&quot;px&quot;,&quot;size&quot;:10,&quot;sizes&quot;:[]},&quot;gap_tablet&quot;:{&quot;unit&quot;:&quot;px&quot;,&quot;size&quot;:10,&quot;sizes&quot;:[]},&quot;gap_mobile&quot;:{&quot;unit&quot;:&quot;px&quot;,&quot;size&quot;:10,&quot;sizes&quot;:[]},&quot;link_to&quot;:&quot;file&quot;,&quot;overlay_background&quot;:&quot;yes&quot;,&quot;content_hover_animation&quot;:&quot;fade-in&quot;}\" data-widget_type=\"gallery.default\">\n\t\t\t\t\t\t\t<div class=\"elementor-gallery__container\">\n\t\t\t\t\t\t\t<a class=\"e-gallery-item elementor-gallery-item elementor-animated-content\" href=\"https:\/\/www.la-impressio.com\/wp-content\/uploads\/2025\/11\/certificat-hahnemuhle2.png\" data-elementor-open-lightbox=\"yes\" data-elementor-lightbox-slideshow=\"b472a50\" data-elementor-lightbox-title=\"certificat hahnemuhle2\" data-e-action-hash=\"#elementor-action%3Aaction%3Dlightbox%26settings%3DeyJpZCI6MjU5MywidXJsIjoiaHR0cHM6XC9cL3d3dy5sYS1pbXByZXNzaW8uY29tXC93cC1jb250ZW50XC91cGxvYWRzXC8yMDI1XC8xMVwvY2VydGlmaWNhdC1oYWhuZW11aGxlMi5wbmciLCJzbGlkZXNob3ciOiJiNDcyYTUwIn0%3D\">\n\t\t\t\t\t<div class=\"e-gallery-image elementor-gallery-item__image\" data-thumbnail=\"https:\/\/www.la-impressio.com\/wp-content\/uploads\/2025\/11\/certificat-hahnemuhle2.png\" data-width=\"534\" data-height=\"540\" aria-label=\"\" role=\"img\" ><\/div>\n\t\t\t\t\t\t\t\t\t\t\t<div class=\"elementor-gallery-item__overlay\"><\/div>\n\t\t\t\t\t\t\t\t\t\t\t\t\t\t<\/a>\n\t\t\t\t\t<\/div>\n\t\t\t\t\t<\/div>\n\t\t\t\t<\/div>\n\t\t\t\t<\/div>\n\t\t\t\t<\/div>","protected":false},"excerpt":{"rendered":"<p>CERTIFICATS D&#039;AUTHENTICIT\u00c9 HAHNEM\u00dcHLE Certificat d&#039;authenticit\u00e9 Hahnem\u00fchle\u00a0: Garantie d&#039;originalit\u00e9 et protection contre la contrefa\u00e7on Le certificat d&#039;authenticit\u00e9 Hahnem\u00fchle est destin\u00e9 aux artistes et photographes souhaitant garantir l&#039;unicit\u00e9 de leurs \u0153uvres et des reproductions gicl\u00e9es en \u00e9dition limit\u00e9e r\u00e9alis\u00e9es sur papier Hahnem\u00fchle. En impression d&#039;art, nous insistons sur l&#039;importance de l&#039;authenticit\u00e9 [\u2026]<\/p>","protected":false},"author":1,"featured_media":0,"parent":0,"menu_order":0,"comment_status":"closed","ping_status":"closed","template":"","meta":{"footnotes":""},"class_list":["post-2591","page","type-page","status-publish","hentry"],"_links":{"self":[{"href":"https:\/\/www.la-impressio.com\/fr\/wp-json\/wp\/v2\/pages\/2591","targetHints":{"allow":["GET"]}}],"collection":[{"href":"https:\/\/www.la-impressio.com\/fr\/wp-json\/wp\/v2\/pages"}],"about":[{"href":"https:\/\/www.la-impressio.com\/fr\/wp-json\/wp\/v2\/types\/page"}],"author":[{"embeddable":true,"href":"https:\/\/www.la-impressio.com\/fr\/wp-json\/wp\/v2\/users\/1"}],"replies":[{"embeddable":true,"href":"https:\/\/www.la-impressio.com\/fr\/wp-json\/wp\/v2\/comments?post=2591"}],"version-history":[{"count":0,"href":"https:\/\/www.la-impressio.com\/fr\/wp-json\/wp\/v2\/pages\/2591\/revisions"}],"wp:attachment":[{"href":"https:\/\/www.la-impressio.com\/fr\/wp-json\/wp\/v2\/media?parent=2591"}],"curies":[{"name":"wp","href":"https:\/\/api.w.org\/{rel}","templated":true}]}}