{"id":259,"date":"2022-04-08T12:59:07","date_gmt":"2022-04-08T10:59:07","guid":{"rendered":"https:\/\/www.la-impressio.com\/?page_id=259"},"modified":"2022-07-11T12:40:44","modified_gmt":"2022-07-11T10:40:44","slug":"digitalitzacio-dobres-dart","status":"publish","type":"page","link":"https:\/\/www.la-impressio.com\/fr\/digitalitzacio-dobres-dart\/","title":{"rendered":"Num\u00e9risation des \u0153uvres d&#039;art"},"content":{"rendered":"<div data-elementor-type=\"wp-page\" data-elementor-id=\"259\" class=\"elementor elementor-259\" data-elementor-post-type=\"page\">\n\t\t\t\t\t\t<section class=\"elementor-section elementor-top-section elementor-element elementor-element-5f74e02 elementor-section-full_width elementor-section-height-default elementor-section-height-default\" data-id=\"5f74e02\" data-element_type=\"section\">\n\t\t\t\t\t\t<div class=\"elementor-container elementor-column-gap-default\">\n\t\t\t\t\t<div class=\"elementor-column elementor-col-33 elementor-top-column elementor-element elementor-element-a0069b4\" data-id=\"a0069b4\" data-element_type=\"column\">\n\t\t\t<div class=\"elementor-widget-wrap elementor-element-populated\">\n\t\t\t\t\t\t<div class=\"elementor-element elementor-element-9354f3f elementor-invisible elementor-widget elementor-widget-heading\" data-id=\"9354f3f\" data-element_type=\"widget\" data-settings=\"{&quot;_animation&quot;:&quot;fadeInDown&quot;}\" data-widget_type=\"heading.default\">\n\t\t\t\t\t<h2 class=\"elementor-heading-title elementor-size-default\">NUM\u00c9RISATION <\/h2>\t\t\t\t<\/div>\n\t\t\t\t\t<\/div>\n\t\t<\/div>\n\t\t\t\t<div class=\"elementor-column elementor-col-33 elementor-top-column elementor-element elementor-element-bc01115\" data-id=\"bc01115\" data-element_type=\"column\">\n\t\t\t<div class=\"elementor-widget-wrap\">\n\t\t\t\t\t\t\t<\/div>\n\t\t<\/div>\n\t\t\t\t<div class=\"elementor-column elementor-col-33 elementor-top-column elementor-element elementor-element-297123e\" data-id=\"297123e\" data-element_type=\"column\">\n\t\t\t<div class=\"elementor-widget-wrap elementor-element-populated\">\n\t\t\t\t\t\t<div class=\"elementor-element elementor-element-dc1fb8e elementor-view-default elementor-invisible elementor-widget elementor-widget-icon\" data-id=\"dc1fb8e\" data-element_type=\"widget\" data-settings=\"{&quot;_animation&quot;:&quot;slideInRight&quot;}\" data-widget_type=\"icon.default\">\n\t\t\t\t\t\t\t<div class=\"elementor-icon-wrapper\">\n\t\t\t<div class=\"elementor-icon\">\n\t\t\t<i aria-hidden=\"true\" class=\"fas fa-circle\"><\/i>\t\t\t<\/div>\n\t\t<\/div>\n\t\t\t\t\t\t<\/div>\n\t\t\t\t\t<\/div>\n\t\t<\/div>\n\t\t\t\t\t<\/div>\n\t\t<\/section>\n\t\t\t\t<section class=\"elementor-section elementor-top-section elementor-element elementor-element-30acfe1 elementor-section-full_width elementor-section-height-default elementor-section-height-default elementor-invisible\" data-id=\"30acfe1\" data-element_type=\"section\" data-settings=\"{&quot;animation&quot;:&quot;fadeIn&quot;}\">\n\t\t\t\t\t\t<div class=\"elementor-container elementor-column-gap-default\">\n\t\t\t\t\t<div class=\"elementor-column elementor-col-100 elementor-top-column elementor-element elementor-element-f042709\" data-id=\"f042709\" data-element_type=\"column\">\n\t\t\t<div class=\"elementor-widget-wrap elementor-element-populated\">\n\t\t\t\t\t\t<div class=\"elementor-element elementor-element-4dd470e elementor--h-position-center elementor--v-position-middle elementor-arrows-position-inside elementor-pagination-position-inside elementor-widget elementor-widget-slides\" data-id=\"4dd470e\" data-element_type=\"widget\" data-settings=\"{&quot;navigation&quot;:&quot;both&quot;,&quot;autoplay&quot;:&quot;yes&quot;,&quot;pause_on_hover&quot;:&quot;yes&quot;,&quot;pause_on_interaction&quot;:&quot;yes&quot;,&quot;autoplay_speed&quot;:5000,&quot;infinite&quot;:&quot;yes&quot;,&quot;transition&quot;:&quot;slide&quot;,&quot;transition_speed&quot;:500}\" data-widget_type=\"slides.default\">\n\t\t\t\t\t\t\t\t\t\t<div class=\"elementor-slides-wrapper elementor-main-swiper swiper\" role=\"region\" aria-roledescription=\"carousel\" aria-label=\"Diapositives\" dir=\"ltr\" data-animation=\"fadeInUp\">\n\t\t\t\t<div class=\"swiper-wrapper elementor-slides\">\n\t\t\t\t\t\t\t\t\t\t<div class=\"elementor-repeater-item-85c016a swiper-slide\" role=\"group\" aria-roledescription=\"slide\"><div class=\"swiper-slide-bg\" role=\"img\" aria-label=\"chiffre11\"><\/div><a class=\"swiper-slide-inner\" href=\"mailto:info@la-impressio.com\"><div class=\"swiper-slide-contents\"><\/div><\/a><\/div>\t\t\t\t<\/div>\n\t\t\t\t\t\t\t<\/div>\n\t\t\t\t\t\t\t\t<\/div>\n\t\t\t\t\t<\/div>\n\t\t<\/div>\n\t\t\t\t\t<\/div>\n\t\t<\/section>\n\t\t\t\t<section class=\"elementor-section elementor-top-section elementor-element elementor-element-c5864e2 elementor-section-full_width elementor-section-height-default elementor-section-height-default\" data-id=\"c5864e2\" data-element_type=\"section\">\n\t\t\t\t\t\t<div class=\"elementor-container elementor-column-gap-default\">\n\t\t\t\t\t<div class=\"elementor-column elementor-col-50 elementor-top-column elementor-element elementor-element-c075959\" data-id=\"c075959\" data-element_type=\"column\">\n\t\t\t<div class=\"elementor-widget-wrap elementor-element-populated\">\n\t\t\t\t\t\t<div class=\"elementor-element elementor-element-118b5b4 elementor-position-left elementor-view-default elementor-mobile-position-top elementor-invisible elementor-widget elementor-widget-icon-box\" data-id=\"118b5b4\" data-element_type=\"widget\" data-settings=\"{&quot;_animation&quot;:&quot;fadeIn&quot;}\" data-widget_type=\"icon-box.default\">\n\t\t\t\t\t\t\t<div class=\"elementor-icon-box-wrapper\">\n\n\t\t\t\t\t\t<div class=\"elementor-icon-box-icon\">\n\t\t\t\t<span  class=\"elementor-icon\">\n\t\t\t\t<i aria-hidden=\"true\" class=\"fas fa-circle\"><\/i>\t\t\t\t<\/span>\n\t\t\t<\/div>\n\t\t\t\n\t\t\t\t\t\t<div class=\"elementor-icon-box-content\">\n\n\t\t\t\t\t\t\t\t\t<h3 class=\"elementor-icon-box-title\">\n\t\t\t\t\t\t<span  >\n\t\t\t\t\t\t\tNUM\u00c9RISATION D\u2019 OEUVRES D'ART ET DE PHOTOGRAPHIE\t\t\t\t\t\t<\/span>\n\t\t\t\t\t<\/h3>\n\t\t\t\t\n\t\t\t\t\n\t\t\t<\/div>\n\t\t\t\n\t\t<\/div>\n\t\t\t\t\t\t<\/div>\n\t\t\t\t<div class=\"elementor-element elementor-element-1813a68 elementor-widget elementor-widget-text-editor\" data-id=\"1813a68\" data-element_type=\"widget\" data-widget_type=\"text-editor.default\">\n\t\t\t\t\t\t\t\t\t<p>L\u2019utilisation de notre service de photographie professionnelle signifie que vous pouvez <strong>archiver en toute s\u00e9curit\u00e9 vos productions artistiques<\/strong> avec nous et <strong>cr\u00e9er des impressions gicl\u00e9es de votre art<\/strong> lorsque vous le souhaitez. Avec plus de 20 ans d'exp\u00e9rience, nous utilisons nos comp\u00e9tences et nos \u00e9quipements sp\u00e9cialis\u00e9s pour faire co\u00efncider avec pr\u00e9cision les originaux.<\/p><p>Proclure 2 types de num\u00e9risation :<\/p><ul><li><strong>En studio photographique<\/strong><br \/>Nous avons un studio photographique consacr\u00e9e \u00e0 la photographie d'oeuvres d'art, \u00e9quip\u00e9 d'un \u00e9quipement photographique de haute r\u00e9solution et d'illumination professionnelle ; nous pouvons num\u00e9riser des peintures, des illustrations et d'autres supports jusqu\u2019\u00e0 2 m\u00e8tres de large. <br \/>Tous les types de supports peuvent \u00eatre photographi\u00e9s en d\u00e9tail, y compris les aquarelles, les huiles, les acriliques, les photographies, les toiles, les dessins au carbone et la plume et l'encre.<\/li><li><strong>Sur un scan plat<\/strong><br \/><p>Num\u00e9risation d\u2019 illustrations, n\u00e9gatifs, diapos et opaques.<br \/>Un service de num\u00e9risation de haute r\u00e9solution utilisant un scanner \u00e0 plat Epson, avec une densit\u00e9 optique de 4 DMax et une profondeur de couleur de 48 bits. Compl\u00e8te la gamme la plus large de couleurs, m\u00eame dans les zones ombrag\u00e9es.<\/p><p>Documents jusqu'au  A4. Num\u00e9risation de films et de diapos n\u00e9gatifs de 35 mm, moyen format et plan-film 4 x 5 pouces.<\/p><\/li><\/ul>\t\t\t\t\t\t\t\t<\/div>\n\t\t\t\t<div class=\"elementor-element elementor-element-abe4299 elementor-widget elementor-widget-spacer\" data-id=\"abe4299\" data-element_type=\"widget\" data-widget_type=\"spacer.default\">\n\t\t\t\t\t\t\t<div class=\"elementor-spacer\">\n\t\t\t<div class=\"elementor-spacer-inner\"><\/div>\n\t\t<\/div>\n\t\t\t\t\t\t<\/div>\n\t\t\t\t<div class=\"elementor-element elementor-element-cfcb10b elementor-button-info elementor-align-left elementor-invisible elementor-widget elementor-widget-button\" data-id=\"cfcb10b\" data-element_type=\"widget\" data-settings=\"{&quot;_animation&quot;:&quot;fadeInUp&quot;,&quot;_animation_delay&quot;:500}\" data-widget_type=\"button.default\">\n\t\t\t\t\t\t\t\t\t\t<a class=\"elementor-button elementor-button-link elementor-size-sm elementor-animation-float\" href=\"mailto:info@la-impressio.com\">\n\t\t\t\t\t\t<span class=\"elementor-button-content-wrapper\">\n\t\t\t\t\t\t\t\t\t<span class=\"elementor-button-text\">PLUS D'INFORMATIONS<\/span>\n\t\t\t\t\t<\/span>\n\t\t\t\t\t<\/a>\n\t\t\t\t\t\t\t\t<\/div>\n\t\t\t\t\t<\/div>\n\t\t<\/div>\n\t\t\t\t<div class=\"elementor-column elementor-col-50 elementor-top-column elementor-element elementor-element-a7432fa\" data-id=\"a7432fa\" data-element_type=\"column\">\n\t\t\t<div class=\"elementor-widget-wrap elementor-element-populated\">\n\t\t\t\t\t\t<div class=\"elementor-element elementor-element-3eab798 elementor-widget elementor-widget-gallery\" data-id=\"3eab798\" data-element_type=\"widget\" data-settings=\"{&quot;gallery_layout&quot;:&quot;masonry&quot;,&quot;columns&quot;:3,&quot;columns_mobile&quot;:2,&quot;overlay_title&quot;:&quot;title&quot;,&quot;lazyload&quot;:&quot;yes&quot;,&quot;columns_tablet&quot;:2,&quot;gap&quot;:{&quot;unit&quot;:&quot;px&quot;,&quot;size&quot;:10,&quot;sizes&quot;:[]},&quot;gap_tablet&quot;:{&quot;unit&quot;:&quot;px&quot;,&quot;size&quot;:10,&quot;sizes&quot;:[]},&quot;gap_mobile&quot;:{&quot;unit&quot;:&quot;px&quot;,&quot;size&quot;:10,&quot;sizes&quot;:[]},&quot;link_to&quot;:&quot;file&quot;,&quot;overlay_background&quot;:&quot;yes&quot;,&quot;content_hover_animation&quot;:&quot;fade-in&quot;}\" data-widget_type=\"gallery.default\">\n\t\t\t\t\t\t\t<div class=\"elementor-gallery__container\">\n\t\t\t\t\t\t\t<a class=\"e-gallery-item elementor-gallery-item elementor-animated-content\" href=\"https:\/\/www.la-impressio.com\/wp-content\/uploads\/2022\/06\/dig1.jpg\" data-elementor-open-lightbox=\"yes\" data-elementor-lightbox-slideshow=\"3eab798\" data-elementor-lightbox-title=\"@Cesc Pujol\" data-e-action-hash=\"#elementor-action%3Aaction%3Dlightbox%26settings%3DeyJpZCI6NTg4LCJ1cmwiOiJodHRwczpcL1wvd3d3LmxhLWltcHJlc3Npby5jb21cL3dwLWNvbnRlbnRcL3VwbG9hZHNcLzIwMjJcLzA2XC9kaWcxLmpwZyIsInNsaWRlc2hvdyI6IjNlYWI3OTgifQ%3D%3D\">\n\t\t\t\t\t<div class=\"e-gallery-image elementor-gallery-item__image\" data-thumbnail=\"https:\/\/www.la-impressio.com\/wp-content\/uploads\/2022\/06\/dig1-560x700.jpg\" data-width=\"560\" data-height=\"700\" aria-label=\"NUM\u00c9RISATION D&#039;\u0152UVRES D&#039;ART ET DE PHOTOGRAPHIES\" role=\"img\" ><\/div>\n\t\t\t\t\t\t\t\t\t\t\t<div class=\"elementor-gallery-item__overlay\"><\/div>\n\t\t\t\t\t\t\t\t\t\t\t\t\t\t\t<div class=\"elementor-gallery-item__content\">\n\t\t\t\t\t\t\t\t\t\t\t\t\t\t<div class=\"elementor-gallery-item__title\">\n\t\t\t\t\t\t\t\t\t\t\t\t\t\t\t\t\t\t@Cesc Pujol\t\t\t\t\t\t\t\t<\/div>\n\t\t\t\t\t\t\t\t\t\t\t\t<\/div>\n\t\t\t\t\t\t\t\t\t<\/a>\n\t\t\t\t\t\t\t<a class=\"e-gallery-item elementor-gallery-item elementor-animated-content\" href=\"https:\/\/www.la-impressio.com\/wp-content\/uploads\/2022\/06\/dig2.jpg\" data-elementor-open-lightbox=\"yes\" data-elementor-lightbox-slideshow=\"3eab798\" data-elementor-lightbox-title=\"@Cesc Pujol\" data-e-action-hash=\"#elementor-action%3Aaction%3Dlightbox%26settings%3DeyJpZCI6NTg5LCJ1cmwiOiJodHRwczpcL1wvd3d3LmxhLWltcHJlc3Npby5jb21cL3dwLWNvbnRlbnRcL3VwbG9hZHNcLzIwMjJcLzA2XC9kaWcyLmpwZyIsInNsaWRlc2hvdyI6IjNlYWI3OTgifQ%3D%3D\">\n\t\t\t\t\t<div class=\"e-gallery-image elementor-gallery-item__image\" data-thumbnail=\"https:\/\/www.la-impressio.com\/wp-content\/uploads\/2022\/06\/dig2-700x520.jpg\" data-width=\"700\" data-height=\"520\" aria-label=\"\u0152UVRES D&#039;ART ET PHOTOGRAPHIES\" role=\"img\" ><\/div>\n\t\t\t\t\t\t\t\t\t\t\t<div class=\"elementor-gallery-item__overlay\"><\/div>\n\t\t\t\t\t\t\t\t\t\t\t\t\t\t\t<div class=\"elementor-gallery-item__content\">\n\t\t\t\t\t\t\t\t\t\t\t\t\t\t<div class=\"elementor-gallery-item__title\">\n\t\t\t\t\t\t\t\t\t\t\t\t\t\t\t\t\t\t@Cesc Pujol\t\t\t\t\t\t\t\t<\/div>\n\t\t\t\t\t\t\t\t\t\t\t\t<\/div>\n\t\t\t\t\t\t\t\t\t<\/a>\n\t\t\t\t\t\t\t<a class=\"e-gallery-item elementor-gallery-item elementor-animated-content\" href=\"https:\/\/www.la-impressio.com\/wp-content\/uploads\/2022\/06\/dig3.jpg\" data-elementor-open-lightbox=\"yes\" data-elementor-lightbox-slideshow=\"3eab798\" data-elementor-lightbox-title=\"@Cesc Pujol\" data-e-action-hash=\"#elementor-action%3Aaction%3Dlightbox%26settings%3DeyJpZCI6NTkwLCJ1cmwiOiJodHRwczpcL1wvd3d3LmxhLWltcHJlc3Npby5jb21cL3dwLWNvbnRlbnRcL3VwbG9hZHNcLzIwMjJcLzA2XC9kaWczLmpwZyIsInNsaWRlc2hvdyI6IjNlYWI3OTgifQ%3D%3D\">\n\t\t\t\t\t<div class=\"e-gallery-image elementor-gallery-item__image\" data-thumbnail=\"https:\/\/www.la-impressio.com\/wp-content\/uploads\/2022\/06\/dig3-700x448.jpg\" data-width=\"700\" data-height=\"448\" aria-label=\"NUM\u00c9RISATION D&#039;\u0152UVRES D&#039;ART ET DE PHOTOGRAPHIES\" role=\"img\" ><\/div>\n\t\t\t\t\t\t\t\t\t\t\t<div class=\"elementor-gallery-item__overlay\"><\/div>\n\t\t\t\t\t\t\t\t\t\t\t\t\t\t\t<div class=\"elementor-gallery-item__content\">\n\t\t\t\t\t\t\t\t\t\t\t\t\t\t<div class=\"elementor-gallery-item__title\">\n\t\t\t\t\t\t\t\t\t\t\t\t\t\t\t\t\t\t@Cesc Pujol\t\t\t\t\t\t\t\t<\/div>\n\t\t\t\t\t\t\t\t\t\t\t\t<\/div>\n\t\t\t\t\t\t\t\t\t<\/a>\n\t\t\t\t\t\t\t<a class=\"e-gallery-item elementor-gallery-item elementor-animated-content\" href=\"https:\/\/www.la-impressio.com\/wp-content\/uploads\/2022\/06\/dig4.jpg\" data-elementor-open-lightbox=\"yes\" data-elementor-lightbox-slideshow=\"3eab798\" data-elementor-lightbox-title=\"@Cesc Pujol\" data-e-action-hash=\"#elementor-action%3Aaction%3Dlightbox%26settings%3DeyJpZCI6NTkxLCJ1cmwiOiJodHRwczpcL1wvd3d3LmxhLWltcHJlc3Npby5jb21cL3dwLWNvbnRlbnRcL3VwbG9hZHNcLzIwMjJcLzA2XC9kaWc0LmpwZyIsInNsaWRlc2hvdyI6IjNlYWI3OTgifQ%3D%3D\">\n\t\t\t\t\t<div class=\"e-gallery-image elementor-gallery-item__image\" data-thumbnail=\"https:\/\/www.la-impressio.com\/wp-content\/uploads\/2022\/06\/dig4-612x700.jpg\" data-width=\"612\" data-height=\"700\" aria-label=\"NUM\u00c9RISATION D&#039;\u0152UVRES D&#039;ART ET DE PHOTOGRAPHIES\" role=\"img\" ><\/div>\n\t\t\t\t\t\t\t\t\t\t\t<div class=\"elementor-gallery-item__overlay\"><\/div>\n\t\t\t\t\t\t\t\t\t\t\t\t\t\t\t<div class=\"elementor-gallery-item__content\">\n\t\t\t\t\t\t\t\t\t\t\t\t\t\t<div class=\"elementor-gallery-item__title\">\n\t\t\t\t\t\t\t\t\t\t\t\t\t\t\t\t\t\t@Cesc Pujol\t\t\t\t\t\t\t\t<\/div>\n\t\t\t\t\t\t\t\t\t\t\t\t<\/div>\n\t\t\t\t\t\t\t\t\t<\/a>\n\t\t\t\t\t<\/div>\n\t\t\t\t\t<\/div>\n\t\t\t\t\t<\/div>\n\t\t<\/div>\n\t\t\t\t\t<\/div>\n\t\t<\/section>\n\t\t\t\t<\/div>","protected":false},"excerpt":{"rendered":"<p>DIGITALITZACI\u00d3 &nbsp; DIGITALITZEM OBRES D&#8217;ART I FOTOGRAFIES L&#8217;\u00fas del nostre servei de fotografia professional significa que podeu arxivar de forma segura les vostres obres amb nosaltres i crear impressions gicl\u00e9e del vostre art quan ho desitgeu. Amb m\u00e9s de 20 anys d&#8217;experi\u00e8ncia, utilitzem les nostres habilitats i equips especialitzats per fer coincidir amb precisi\u00f3 els [&hellip;]<\/p>","protected":false},"author":1,"featured_media":0,"parent":0,"menu_order":0,"comment_status":"closed","ping_status":"closed","template":"","meta":{"footnotes":""},"class_list":["post-259","page","type-page","status-publish","hentry"],"_links":{"self":[{"href":"https:\/\/www.la-impressio.com\/fr\/wp-json\/wp\/v2\/pages\/259","targetHints":{"allow":["GET"]}}],"collection":[{"href":"https:\/\/www.la-impressio.com\/fr\/wp-json\/wp\/v2\/pages"}],"about":[{"href":"https:\/\/www.la-impressio.com\/fr\/wp-json\/wp\/v2\/types\/page"}],"author":[{"embeddable":true,"href":"https:\/\/www.la-impressio.com\/fr\/wp-json\/wp\/v2\/users\/1"}],"replies":[{"embeddable":true,"href":"https:\/\/www.la-impressio.com\/fr\/wp-json\/wp\/v2\/comments?post=259"}],"version-history":[{"count":0,"href":"https:\/\/www.la-impressio.com\/fr\/wp-json\/wp\/v2\/pages\/259\/revisions"}],"wp:attachment":[{"href":"https:\/\/www.la-impressio.com\/fr\/wp-json\/wp\/v2\/media?parent=259"}],"curies":[{"name":"wp","href":"https:\/\/api.w.org\/{rel}","templated":true}]}}