{"id":1592,"date":"2023-04-11T10:49:16","date_gmt":"2023-04-11T08:49:16","guid":{"rendered":"https:\/\/www.la-impressio.com\/?page_id=1592"},"modified":"2026-01-20T09:43:56","modified_gmt":"2026-01-20T08:43:56","slug":"blog","status":"publish","type":"page","link":"https:\/\/www.la-impressio.com\/es\/blog\/","title":{"rendered":"Blog"},"content":{"rendered":"<div data-elementor-type=\"wp-page\" data-elementor-id=\"1592\" class=\"elementor elementor-1592\" data-elementor-post-type=\"page\">\n\t\t\t\t\t\t<section class=\"elementor-section elementor-top-section elementor-element elementor-element-233e415 elementor-section-full_width elementor-section-height-default elementor-section-height-default\" data-id=\"233e415\" data-element_type=\"section\">\n\t\t\t\t\t\t<div class=\"elementor-container elementor-column-gap-default\">\n\t\t\t\t\t<div class=\"elementor-column elementor-col-33 elementor-top-column elementor-element elementor-element-80ae931\" data-id=\"80ae931\" data-element_type=\"column\">\n\t\t\t<div class=\"elementor-widget-wrap elementor-element-populated\">\n\t\t\t\t\t\t<div class=\"elementor-element elementor-element-06d3512 elementor-invisible elementor-widget elementor-widget-heading\" data-id=\"06d3512\" data-element_type=\"widget\" data-settings=\"{&quot;_animation&quot;:&quot;fadeInDown&quot;}\" data-widget_type=\"heading.default\">\n\t\t\t\t\t<h2 class=\"elementor-heading-title elementor-size-default\">BLOG<\/h2>\t\t\t\t<\/div>\n\t\t\t\t\t<\/div>\n\t\t<\/div>\n\t\t\t\t<div class=\"elementor-column elementor-col-33 elementor-top-column elementor-element elementor-element-07ad91b\" data-id=\"07ad91b\" data-element_type=\"column\">\n\t\t\t<div class=\"elementor-widget-wrap\">\n\t\t\t\t\t\t\t<\/div>\n\t\t<\/div>\n\t\t\t\t<div class=\"elementor-column elementor-col-33 elementor-top-column elementor-element elementor-element-0892bae\" data-id=\"0892bae\" data-element_type=\"column\">\n\t\t\t<div class=\"elementor-widget-wrap elementor-element-populated\">\n\t\t\t\t\t\t<div class=\"elementor-element elementor-element-c637e6a elementor-view-default elementor-invisible elementor-widget elementor-widget-icon\" data-id=\"c637e6a\" data-element_type=\"widget\" data-settings=\"{&quot;_animation&quot;:&quot;slideInRight&quot;}\" data-widget_type=\"icon.default\">\n\t\t\t\t\t\t\t<div class=\"elementor-icon-wrapper\">\n\t\t\t<div class=\"elementor-icon\">\n\t\t\t<i aria-hidden=\"true\" class=\"fas fa-circle\"><\/i>\t\t\t<\/div>\n\t\t<\/div>\n\t\t\t\t\t\t<\/div>\n\t\t\t\t\t<\/div>\n\t\t<\/div>\n\t\t\t\t\t<\/div>\n\t\t<\/section>\n\t\t\t\t<section class=\"elementor-section elementor-top-section elementor-element elementor-element-f1d913c elementor-section-full_width elementor-section-height-default elementor-section-height-default elementor-invisible\" data-id=\"f1d913c\" data-element_type=\"section\" data-settings=\"{&quot;animation&quot;:&quot;fadeIn&quot;}\">\n\t\t\t\t\t\t<div class=\"elementor-container elementor-column-gap-default\">\n\t\t\t\t\t<div class=\"elementor-column elementor-col-100 elementor-top-column elementor-element elementor-element-b2ef86e\" data-id=\"b2ef86e\" data-element_type=\"column\">\n\t\t\t<div class=\"elementor-widget-wrap elementor-element-populated\">\n\t\t\t\t\t\t<div class=\"elementor-element elementor-element-8b8e344 elementor--h-position-center elementor--v-position-middle elementor-arrows-position-inside elementor-pagination-position-inside elementor-widget elementor-widget-slides\" data-id=\"8b8e344\" data-element_type=\"widget\" data-settings=\"{&quot;navigation&quot;:&quot;both&quot;,&quot;autoplay&quot;:&quot;yes&quot;,&quot;pause_on_hover&quot;:&quot;yes&quot;,&quot;pause_on_interaction&quot;:&quot;yes&quot;,&quot;autoplay_speed&quot;:5000,&quot;infinite&quot;:&quot;yes&quot;,&quot;transition&quot;:&quot;slide&quot;,&quot;transition_speed&quot;:500}\" data-widget_type=\"slides.default\">\n\t\t\t\t\t\t\t\t\t\t<div class=\"elementor-slides-wrapper elementor-main-swiper swiper\" role=\"region\" aria-roledescription=\"carousel\" aria-label=\"Diapositivas\" dir=\"ltr\" data-animation=\"fadeInUp\">\n\t\t\t\t<div class=\"swiper-wrapper elementor-slides\">\n\t\t\t\t\t\t\t\t\t\t<div class=\"elementor-repeater-item-85c016a swiper-slide\" role=\"group\" aria-roledescription=\"slide\"><div class=\"swiper-slide-bg\" role=\"img\" aria-label=\"estenopeica5_FL\"><\/div><a class=\"swiper-slide-inner\" href=\"mailto:info@la-impressio.com\"><div class=\"swiper-slide-contents\"><\/div><\/a><\/div>\t\t\t\t<\/div>\n\t\t\t\t\t\t\t<\/div>\n\t\t\t\t\t\t\t\t<\/div>\n\t\t\t\t\t<\/div>\n\t\t<\/div>\n\t\t\t\t\t<\/div>\n\t\t<\/section>\n\t\t\t\t<section class=\"elementor-section elementor-top-section elementor-element elementor-element-0569257 elementor-section-full_width elementor-section-height-default elementor-section-height-default\" data-id=\"0569257\" data-element_type=\"section\">\n\t\t\t\t\t\t<div class=\"elementor-container elementor-column-gap-default\">\n\t\t\t\t\t<div class=\"elementor-column elementor-col-100 elementor-top-column elementor-element elementor-element-643d006\" data-id=\"643d006\" data-element_type=\"column\">\n\t\t\t<div class=\"elementor-widget-wrap elementor-element-populated\">\n\t\t\t\t\t\t<div class=\"elementor-element elementor-element-ea2b461 elementor-position-left elementor-view-default elementor-mobile-position-top elementor-invisible elementor-widget elementor-widget-icon-box\" data-id=\"ea2b461\" data-element_type=\"widget\" data-settings=\"{&quot;_animation&quot;:&quot;fadeIn&quot;}\" data-widget_type=\"icon-box.default\">\n\t\t\t\t\t\t\t<div class=\"elementor-icon-box-wrapper\">\n\n\t\t\t\t\t\t<div class=\"elementor-icon-box-icon\">\n\t\t\t\t<span  class=\"elementor-icon\">\n\t\t\t\t<i aria-hidden=\"true\" class=\"fas fa-circle\"><\/i>\t\t\t\t<\/span>\n\t\t\t<\/div>\n\t\t\t\n\t\t\t\t\t\t<div class=\"elementor-icon-box-content\">\n\n\t\t\t\t\t\t\t\t\t<h3 class=\"elementor-icon-box-title\">\n\t\t\t\t\t\t<span  >\n\t\t\t\t\t\t\tART\u00cdCULOS Y NOTICIAS DE INTER\u00c9S\t\t\t\t\t\t<\/span>\n\t\t\t\t\t<\/h3>\n\t\t\t\t\n\t\t\t\t\n\t\t\t<\/div>\n\t\t\t\n\t\t<\/div>\n\t\t\t\t\t\t<\/div>\n\t\t\t\t<div class=\"elementor-element elementor-element-526da2c elementor-widget elementor-widget-text-editor\" data-id=\"526da2c\" data-element_type=\"widget\" data-widget_type=\"text-editor.default\">\n\t\t\t\t\t\t\t\t\t<p>En este espacio compartiremos informaci\u00f3n, historia y t\u00e9cnicas para aquellos interesados en la impresi\u00f3n de arte de alta calidad, en la fotograf\u00eda y su edici\u00f3n y retoque, y en artes visuales en general.<\/p><p>Exploraremos temas como la elecci\u00f3n de t\u00e9cnicas de retoque y edici\u00f3n fotogr\u00e1fica para lograr resultados sorprendentes, as\u00ed como los diferentes tipos de impresi\u00f3n Fine Art disponibles y c\u00f3mo seleccionar la mejor opci\u00f3n para tu obra.<\/p>\t\t\t\t\t\t\t\t<\/div>\n\t\t\t\t<div class=\"elementor-element elementor-element-b8eea4b elementor-grid-3 elementor-grid-tablet-2 elementor-grid-mobile-1 elementor-posts--thumbnail-top elementor-card-shadow-yes elementor-posts__hover-gradient elementor-widget elementor-widget-posts\" data-id=\"b8eea4b\" data-element_type=\"widget\" data-settings=\"{&quot;pagination_type&quot;:&quot;numbers&quot;,&quot;cards_columns&quot;:&quot;3&quot;,&quot;cards_columns_tablet&quot;:&quot;2&quot;,&quot;cards_columns_mobile&quot;:&quot;1&quot;,&quot;cards_row_gap&quot;:{&quot;unit&quot;:&quot;px&quot;,&quot;size&quot;:35,&quot;sizes&quot;:[]},&quot;cards_row_gap_tablet&quot;:{&quot;unit&quot;:&quot;px&quot;,&quot;size&quot;:&quot;&quot;,&quot;sizes&quot;:[]},&quot;cards_row_gap_mobile&quot;:{&quot;unit&quot;:&quot;px&quot;,&quot;size&quot;:&quot;&quot;,&quot;sizes&quot;:[]}}\" data-widget_type=\"posts.cards\">\n\t\t\t\t<div class=\"elementor-widget-container\">\n\t\t\t\t\t\t\t<div class=\"elementor-posts-container elementor-posts elementor-posts--skin-cards elementor-grid\" role=\"list\">\n\t\t\t\t<article class=\"elementor-post elementor-grid-item post-2891 post type-post status-publish format-standard has-post-thumbnail hentry category-entrades-de-blog\" role=\"listitem\">\n\t\t\t<div class=\"elementor-post__card\">\n\t\t\t\t<a class=\"elementor-post__thumbnail__link\" href=\"https:\/\/www.la-impressio.com\/es\/hahnemuhle-photo-rag-matt-baryta-308-g-vs-photo-rag-baryta-315-g\/\" tabindex=\"-1\" ><div class=\"elementor-post__thumbnail\"><img fetchpriority=\"high\" decoding=\"async\" width=\"300\" height=\"200\" src=\"https:\/\/www.la-impressio.com\/wp-content\/uploads\/2026\/01\/DSC4130-3-300x200.jpg\" class=\"attachment-medium size-medium wp-image-2895\" alt=\"\" srcset=\"https:\/\/www.la-impressio.com\/wp-content\/uploads\/2026\/01\/DSC4130-3-300x200.jpg 300w, https:\/\/www.la-impressio.com\/wp-content\/uploads\/2026\/01\/DSC4130-3-1024x682.jpg 1024w, https:\/\/www.la-impressio.com\/wp-content\/uploads\/2026\/01\/DSC4130-3-768x512.jpg 768w, https:\/\/www.la-impressio.com\/wp-content\/uploads\/2026\/01\/DSC4130-3-1536x1024.jpg 1536w, https:\/\/www.la-impressio.com\/wp-content\/uploads\/2026\/01\/DSC4130-3-18x12.jpg 18w, https:\/\/www.la-impressio.com\/wp-content\/uploads\/2026\/01\/DSC4130-3.jpg 1772w\" sizes=\"(max-width: 300px) 100vw, 300px\" \/><\/div><\/a>\n\t\t\t\t<div class=\"elementor-post__text\">\n\t\t\t\t<h3 class=\"elementor-post__title\">\n\t\t\t<a href=\"https:\/\/www.la-impressio.com\/es\/hahnemuhle-photo-rag-matt-baryta-308-g-vs-photo-rag-baryta-315-g\/\" >\n\t\t\t\tHahnem\u00fchle Photo Rag Matt Baryta 308g vs Photo Rag Baryta 315g\t\t\t<\/a>\n\t\t<\/h3>\n\t\t\t\t<div class=\"elementor-post__excerpt\">\n\t\t\t<p>Dos papeles baritados. Dos formas de entender el Fine Art. Hoy hemos recibido el Hahnem\u00fchle Photo Rag Matt Baryta 308 g,<\/p>\n\t\t<\/div>\n\t\t\t\t<\/div>\n\t\t\t\t<div class=\"elementor-post__meta-data\">\n\t\t\t\t\t<span class=\"elementor-post-date\">\n\t\t\tenero 20, 2026\t\t<\/span>\n\t\t\t\t<\/div>\n\t\t\t\t\t<\/div>\n\t\t<\/article>\n\t\t\t\t<article class=\"elementor-post elementor-grid-item post-2768 post type-post status-publish format-standard has-post-thumbnail hentry category-entrades-de-blog\" role=\"listitem\">\n\t\t\t<div class=\"elementor-post__card\">\n\t\t\t\t<a class=\"elementor-post__thumbnail__link\" href=\"https:\/\/www.la-impressio.com\/es\/com-preparar-els-teus-arxius-per-a-impressions-de-maxima-qualitat\/\" tabindex=\"-1\" ><div class=\"elementor-post__thumbnail\"><img decoding=\"async\" width=\"300\" height=\"199\" src=\"https:\/\/www.la-impressio.com\/wp-content\/uploads\/2025\/12\/DSF00872-copia-1-1-300x199.jpg\" class=\"attachment-medium size-medium wp-image-2853\" alt=\"\" srcset=\"https:\/\/www.la-impressio.com\/wp-content\/uploads\/2025\/12\/DSF00872-copia-1-1-300x199.jpg 300w, https:\/\/www.la-impressio.com\/wp-content\/uploads\/2025\/12\/DSF00872-copia-1-1-1024x681.jpg 1024w, https:\/\/www.la-impressio.com\/wp-content\/uploads\/2025\/12\/DSF00872-copia-1-1-768x511.jpg 768w, https:\/\/www.la-impressio.com\/wp-content\/uploads\/2025\/12\/DSF00872-copia-1-1-18x12.jpg 18w, https:\/\/www.la-impressio.com\/wp-content\/uploads\/2025\/12\/DSF00872-copia-1-1.jpg 1199w\" sizes=\"(max-width: 300px) 100vw, 300px\" \/><\/div><\/a>\n\t\t\t\t<div class=\"elementor-post__text\">\n\t\t\t\t<h3 class=\"elementor-post__title\">\n\t\t\t<a href=\"https:\/\/www.la-impressio.com\/es\/com-preparar-els-teus-arxius-per-a-impressions-de-maxima-qualitat\/\" >\n\t\t\t\tC\u00f3mo preparar tus archivos para impresiones de m\u00e1xima calidad\t\t\t<\/a>\n\t\t<\/h3>\n\t\t\t\t<div class=\"elementor-post__excerpt\">\n\t\t\t<p>La impresi\u00f3n gicl\u00e9e sobre papel Fine Art La impresi\u00f3n gicl\u00e9e pigmentaria es una impresi\u00f3n de inyecci\u00f3n de tinta de calidad museo,<\/p>\n\t\t<\/div>\n\t\t\t\t<\/div>\n\t\t\t\t<div class=\"elementor-post__meta-data\">\n\t\t\t\t\t<span class=\"elementor-post-date\">\n\t\t\tdiciembre 9, 2025\t\t<\/span>\n\t\t\t\t<\/div>\n\t\t\t\t\t<\/div>\n\t\t<\/article>\n\t\t\t\t<article class=\"elementor-post elementor-grid-item post-2087 post type-post status-publish format-standard has-post-thumbnail hentry category-entrades-de-blog\" role=\"listitem\">\n\t\t\t<div class=\"elementor-post__card\">\n\t\t\t\t<a class=\"elementor-post__thumbnail__link\" href=\"https:\/\/www.la-impressio.com\/es\/papers-fine-art-com-triar-los-i-utilitzar-los\/\" tabindex=\"-1\" ><div class=\"elementor-post__thumbnail\"><img decoding=\"async\" width=\"300\" height=\"200\" src=\"https:\/\/www.la-impressio.com\/wp-content\/uploads\/2025\/11\/Laura-Anguita-a-opt-300x200.jpg\" class=\"attachment-medium size-medium wp-image-2546\" alt=\"\" srcset=\"https:\/\/www.la-impressio.com\/wp-content\/uploads\/2025\/11\/Laura-Anguita-a-opt-300x200.jpg 300w, https:\/\/www.la-impressio.com\/wp-content\/uploads\/2025\/11\/Laura-Anguita-a-opt-1024x683.jpg 1024w, https:\/\/www.la-impressio.com\/wp-content\/uploads\/2025\/11\/Laura-Anguita-a-opt-768x512.jpg 768w, https:\/\/www.la-impressio.com\/wp-content\/uploads\/2025\/11\/Laura-Anguita-a-opt-18x12.jpg 18w, https:\/\/www.la-impressio.com\/wp-content\/uploads\/2025\/11\/Laura-Anguita-a-opt.jpg 1500w\" sizes=\"(max-width: 300px) 100vw, 300px\" \/><\/div><\/a>\n\t\t\t\t<div class=\"elementor-post__text\">\n\t\t\t\t<h3 class=\"elementor-post__title\">\n\t\t\t<a href=\"https:\/\/www.la-impressio.com\/es\/papers-fine-art-com-triar-los-i-utilitzar-los\/\" >\n\t\t\t\tPapeles Fine Art: C\u00f3mo elegirlos y utilizarlos\t\t\t<\/a>\n\t\t<\/h3>\n\t\t\t\t<div class=\"elementor-post__excerpt\">\n\t\t\t<p>En el mundo del arte y la fotograf\u00eda, la elecci\u00f3n del soporte adecuado para imprimir nuestras obras es crucial. Cada...<\/p>\n\t\t<\/div>\n\t\t\t\t<\/div>\n\t\t\t\t<div class=\"elementor-post__meta-data\">\n\t\t\t\t\t<span class=\"elementor-post-date\">\n\t\t\tmayo 25, 2023\t\t<\/span>\n\t\t\t\t<\/div>\n\t\t\t\t\t<\/div>\n\t\t<\/article>\n\t\t\t\t<article class=\"elementor-post elementor-grid-item post-1612 post type-post status-publish format-standard has-post-thumbnail hentry category-entrades-de-blog\" role=\"listitem\">\n\t\t\t<div class=\"elementor-post__card\">\n\t\t\t\t<a class=\"elementor-post__thumbnail__link\" href=\"https:\/\/www.la-impressio.com\/es\/impressio-fine-art-que-es-i-quins-avantatges-te\/\" tabindex=\"-1\" ><div class=\"elementor-post__thumbnail\"><img loading=\"lazy\" decoding=\"async\" width=\"300\" height=\"225\" src=\"https:\/\/www.la-impressio.com\/wp-content\/uploads\/2023\/04\/Courage-EXPO-PALMADOTZE-Copyright-\u00a9-Mayte-Vieta-scaled-opt-300x225.jpg\" class=\"attachment-medium size-medium wp-image-2571\" alt=\"\" srcset=\"https:\/\/www.la-impressio.com\/wp-content\/uploads\/2023\/04\/Courage-EXPO-PALMADOTZE-Copyright-\u00a9-Mayte-Vieta-scaled-opt-300x225.jpg 300w, https:\/\/www.la-impressio.com\/wp-content\/uploads\/2023\/04\/Courage-EXPO-PALMADOTZE-Copyright-\u00a9-Mayte-Vieta-scaled-opt-1024x768.jpg 1024w, https:\/\/www.la-impressio.com\/wp-content\/uploads\/2023\/04\/Courage-EXPO-PALMADOTZE-Copyright-\u00a9-Mayte-Vieta-scaled-opt-768x576.jpg 768w, https:\/\/www.la-impressio.com\/wp-content\/uploads\/2023\/04\/Courage-EXPO-PALMADOTZE-Copyright-\u00a9-Mayte-Vieta-scaled-opt-1536x1152.jpg 1536w, https:\/\/www.la-impressio.com\/wp-content\/uploads\/2023\/04\/Courage-EXPO-PALMADOTZE-Copyright-\u00a9-Mayte-Vieta-scaled-opt-2048x1536.jpg 2048w, https:\/\/www.la-impressio.com\/wp-content\/uploads\/2023\/04\/Courage-EXPO-PALMADOTZE-Copyright-\u00a9-Mayte-Vieta-scaled-opt-16x12.jpg 16w\" sizes=\"(max-width: 300px) 100vw, 300px\" \/><\/div><\/a>\n\t\t\t\t<div class=\"elementor-post__text\">\n\t\t\t\t<h3 class=\"elementor-post__title\">\n\t\t\t<a href=\"https:\/\/www.la-impressio.com\/es\/impressio-fine-art-que-es-i-quins-avantatges-te\/\" >\n\t\t\t\tImpresi\u00f3n fine art: \u00bfQu\u00e9 es y qu\u00e9 ventajas tiene?\t\t\t<\/a>\n\t\t<\/h3>\n\t\t\t\t<div class=\"elementor-post__excerpt\">\n\t\t\t<p>La impresi\u00f3n fine art, tambi\u00e9n conocida como gicl\u00e9e, es, en t\u00e9rminos generales, un tipo de impresi\u00f3n con resultados de alta calidad que...<\/p>\n\t\t<\/div>\n\t\t\t\t<\/div>\n\t\t\t\t<div class=\"elementor-post__meta-data\">\n\t\t\t\t\t<span class=\"elementor-post-date\">\n\t\t\tabril 11, 2023\t\t<\/span>\n\t\t\t\t<\/div>\n\t\t\t\t\t<\/div>\n\t\t<\/article>\n\t\t\t\t<\/div>\n\t\t\n\t\t\t\t\t\t<\/div>\n\t\t\t\t<\/div>\n\t\t\t\t<div class=\"elementor-element elementor-element-5c7e541 elementor-widget elementor-widget-spacer\" data-id=\"5c7e541\" data-element_type=\"widget\" data-widget_type=\"spacer.default\">\n\t\t\t\t\t\t\t<div class=\"elementor-spacer\">\n\t\t\t<div class=\"elementor-spacer-inner\"><\/div>\n\t\t<\/div>\n\t\t\t\t\t\t<\/div>\n\t\t\t\t\t<\/div>\n\t\t<\/div>\n\t\t\t\t\t<\/div>\n\t\t<\/section>\n\t\t\t\t<\/div>","protected":false},"excerpt":{"rendered":"<p>BLOG ART\u00cdCULOS Y NOTICIAS DE INTER\u00c9S En este espacio compartiremos informaci\u00f3n, historia y t\u00e9cnicas para aquellos interesados en la impresi\u00f3n de arte de alta calidad, en la fotograf\u00eda y su edici\u00f3n y retoque, y en artes visuales en general. Exploraremos temas como la elecci\u00f3n de t\u00e9cnicas de retoque y edici\u00f3n fotogr\u00e1fica para conseguir resultados sorprendentes, as\u00ed [\u2026]<\/p>","protected":false},"author":1,"featured_media":0,"parent":0,"menu_order":0,"comment_status":"closed","ping_status":"closed","template":"","meta":{"footnotes":""},"class_list":["post-1592","page","type-page","status-publish","hentry"],"_links":{"self":[{"href":"https:\/\/www.la-impressio.com\/es\/wp-json\/wp\/v2\/pages\/1592","targetHints":{"allow":["GET"]}}],"collection":[{"href":"https:\/\/www.la-impressio.com\/es\/wp-json\/wp\/v2\/pages"}],"about":[{"href":"https:\/\/www.la-impressio.com\/es\/wp-json\/wp\/v2\/types\/page"}],"author":[{"embeddable":true,"href":"https:\/\/www.la-impressio.com\/es\/wp-json\/wp\/v2\/users\/1"}],"replies":[{"embeddable":true,"href":"https:\/\/www.la-impressio.com\/es\/wp-json\/wp\/v2\/comments?post=1592"}],"version-history":[{"count":1,"href":"https:\/\/www.la-impressio.com\/es\/wp-json\/wp\/v2\/pages\/1592\/revisions"}],"predecessor-version":[{"id":2901,"href":"https:\/\/www.la-impressio.com\/es\/wp-json\/wp\/v2\/pages\/1592\/revisions\/2901"}],"wp:attachment":[{"href":"https:\/\/www.la-impressio.com\/es\/wp-json\/wp\/v2\/media?parent=1592"}],"curies":[{"name":"wp","href":"https:\/\/api.w.org\/{rel}","templated":true}]}}